{"id":1894,"date":"2020-06-18T10:17:51","date_gmt":"2020-06-18T10:17:51","guid":{"rendered":"https:\/\/www.witschi.com\/unterhalt-wartung\/"},"modified":"2026-03-10T13:07:01","modified_gmt":"2026-03-10T11:07:01","slug":"unterhalt-wartung","status":"publish","type":"page","link":"https:\/\/www.witschi.com\/fr\/service\/unterhalt-wartung\/","title":{"rendered":"Entretien et r\u00e9parations"},"content":{"rendered":"<div id=\"wideHeader\">\n<div id=\"header\">\n<div id=\"lead\">\n<p class=\"hidden-xs\">Un service d&rsquo;entretien et de r\u00e9paration efficace fait partie de notre programme obligatoire. Notre \u00e9quipe du service client\u00e8le est l\u00e0 pour vous.<\/p>\n<\/div>\n<\/div>\n<\/div>\n","protected":false},"excerpt":{"rendered":"<p>Un service d&rsquo;entretien et de r\u00e9paration efficace fait partie de notre programme obligatoire. Notre \u00e9quipe du service client\u00e8le est l\u00e0 pour vous.<\/p>\n","protected":false},"author":1,"featured_media":0,"parent":1860,"menu_order":0,"comment_status":"closed","ping_status":"closed","template":"templates\/dynamic-template.php","meta":{"inline_featured_image":false},"acf":[],"_links":{"self":[{"href":"https:\/\/www.witschi.com\/fr\/wp-json\/wp\/v2\/pages\/1894"}],"collection":[{"href":"https:\/\/www.witschi.com\/fr\/wp-json\/wp\/v2\/pages"}],"about":[{"href":"https:\/\/www.witschi.com\/fr\/wp-json\/wp\/v2\/types\/page"}],"author":[{"embeddable":true,"href":"https:\/\/www.witschi.com\/fr\/wp-json\/wp\/v2\/users\/1"}],"replies":[{"embeddable":true,"href":"https:\/\/www.witschi.com\/fr\/wp-json\/wp\/v2\/comments?post=1894"}],"version-history":[{"count":3,"href":"https:\/\/www.witschi.com\/fr\/wp-json\/wp\/v2\/pages\/1894\/revisions"}],"predecessor-version":[{"id":26367,"href":"https:\/\/www.witschi.com\/fr\/wp-json\/wp\/v2\/pages\/1894\/revisions\/26367"}],"up":[{"embeddable":true,"href":"https:\/\/www.witschi.com\/fr\/wp-json\/wp\/v2\/pages\/1860"}],"wp:attachment":[{"href":"https:\/\/www.witschi.com\/fr\/wp-json\/wp\/v2\/media?parent=1894"}],"curies":[{"name":"wp","href":"https:\/\/api.w.org\/{rel}","templated":true}]}}