{"id":1860,"date":"2020-06-18T10:15:57","date_gmt":"2020-06-18T10:15:57","guid":{"rendered":"https:\/\/www.witschi.com\/service\/"},"modified":"2026-04-09T11:39:10","modified_gmt":"2026-04-09T09:39:10","slug":"service","status":"publish","type":"page","link":"https:\/\/www.witschi.com\/fr\/service\/","title":{"rendered":"Service"},"content":{"rendered":"<div id=\"wideHeader\">\n<div id=\"header\">\n<div id=\"lead\">\n<p class=\"hidden-xs\">Des partenaires commerciaux satisfaits sont la base du succ\u00e8s. Le service client\u00e8le Witschi vous offre une assistance compl\u00e8te en mati\u00e8re de conseil, d&rsquo;entretien et de r\u00e9paration.<\/p>\n<\/div>\n<div class=\"clear\"><\/div>\n<\/div>\n<\/div>\n","protected":false},"excerpt":{"rendered":"<p>Des partenaires commerciaux satisfaits sont la base du succ\u00e8s. Le service client\u00e8le Witschi vous offre une assistance compl\u00e8te en mati\u00e8re de conseil, d&rsquo;entretien et de r\u00e9paration.<\/p>\n","protected":false},"author":1,"featured_media":0,"parent":0,"menu_order":0,"comment_status":"closed","ping_status":"closed","template":"templates\/dynamic-template.php","meta":{"inline_featured_image":false},"acf":[],"_links":{"self":[{"href":"https:\/\/www.witschi.com\/fr\/wp-json\/wp\/v2\/pages\/1860"}],"collection":[{"href":"https:\/\/www.witschi.com\/fr\/wp-json\/wp\/v2\/pages"}],"about":[{"href":"https:\/\/www.witschi.com\/fr\/wp-json\/wp\/v2\/types\/page"}],"author":[{"embeddable":true,"href":"https:\/\/www.witschi.com\/fr\/wp-json\/wp\/v2\/users\/1"}],"replies":[{"embeddable":true,"href":"https:\/\/www.witschi.com\/fr\/wp-json\/wp\/v2\/comments?post=1860"}],"version-history":[{"count":7,"href":"https:\/\/www.witschi.com\/fr\/wp-json\/wp\/v2\/pages\/1860\/revisions"}],"predecessor-version":[{"id":26723,"href":"https:\/\/www.witschi.com\/fr\/wp-json\/wp\/v2\/pages\/1860\/revisions\/26723"}],"wp:attachment":[{"href":"https:\/\/www.witschi.com\/fr\/wp-json\/wp\/v2\/media?parent=1860"}],"curies":[{"name":"wp","href":"https:\/\/api.w.org\/{rel}","templated":true}]}}