{"id":1848,"date":"2020-06-18T10:21:23","date_gmt":"2020-06-18T10:21:23","guid":{"rendered":"https:\/\/www.witschi.com\/schulung\/"},"modified":"2021-09-19T12:19:11","modified_gmt":"2021-09-19T12:19:11","slug":"schulung","status":"publish","type":"page","link":"https:\/\/www.witschi.com\/fr\/service\/schulung\/","title":{"rendered":"Formation"},"content":{"rendered":"<p class=\"hidden-xs\">Par le biais de formations sur les diff\u00e9rentes utilisations de nos appareils de contr\u00f4le, vous \u00eates pr\u00e9par\u00e9 de mani\u00e8re optimale \u00e0 l&rsquo;utilisation quotidienne de nos \u00e9quipements.<\/p>\n","protected":false},"excerpt":{"rendered":"<p>Par le biais de formations sur les diff\u00e9rentes utilisations de nos appareils de contr\u00f4le, vous \u00eates pr\u00e9par\u00e9 de mani\u00e8re optimale \u00e0 l&rsquo;utilisation quotidienne de nos \u00e9quipements.<\/p>\n","protected":false},"author":1,"featured_media":0,"parent":1860,"menu_order":0,"comment_status":"closed","ping_status":"closed","template":"templates\/dynamic-template.php","meta":{"inline_featured_image":false},"acf":[],"_links":{"self":[{"href":"https:\/\/www.witschi.com\/fr\/wp-json\/wp\/v2\/pages\/1848"}],"collection":[{"href":"https:\/\/www.witschi.com\/fr\/wp-json\/wp\/v2\/pages"}],"about":[{"href":"https:\/\/www.witschi.com\/fr\/wp-json\/wp\/v2\/types\/page"}],"author":[{"embeddable":true,"href":"https:\/\/www.witschi.com\/fr\/wp-json\/wp\/v2\/users\/1"}],"replies":[{"embeddable":true,"href":"https:\/\/www.witschi.com\/fr\/wp-json\/wp\/v2\/comments?post=1848"}],"version-history":[{"count":0,"href":"https:\/\/www.witschi.com\/fr\/wp-json\/wp\/v2\/pages\/1848\/revisions"}],"up":[{"embeddable":true,"href":"https:\/\/www.witschi.com\/fr\/wp-json\/wp\/v2\/pages\/1860"}],"wp:attachment":[{"href":"https:\/\/www.witschi.com\/fr\/wp-json\/wp\/v2\/media?parent=1848"}],"curies":[{"name":"wp","href":"https:\/\/api.w.org\/{rel}","templated":true}]}}