{"id":1809,"date":"2020-06-18T10:17:59","date_gmt":"2020-06-18T10:17:59","guid":{"rendered":"https:\/\/www.witschi.com\/miete\/"},"modified":"2025-01-21T12:25:40","modified_gmt":"2025-01-21T10:25:40","slug":"miete","status":"publish","type":"page","link":"https:\/\/www.witschi.com\/fr\/service\/miete\/","title":{"rendered":"Location \/ Vendor Leasing"},"content":{"rendered":"<p>Witschi Electronic peut vous aider \u00e0 faire face aux fluctuations de production gr\u00e2ce \u00e0 la location d&rsquo;\u00e9quipements de test. Cela vous permet de maintenir votre parc machines \u00e0 un niveau optimal.<\/p>\n<p>Nous vous soutenons \u00e9galement avec des appareils en location en cas de probl\u00e8mes de mesure ou d&rsquo;arr\u00eats de production dus \u00e0 la maintenance, la r\u00e9paration ou l&rsquo;\u00e9talonnage.<\/p>\n<p>De plus, Witschi Electronic propose un Vendor Leasing, qui vous offre des solutions de financement flexibles pour l\u2019utilisation de nos \u00e9quipements. Avec cette offre, vous b\u00e9n\u00e9ficiez de nombreux avantages qui rendent votre investissement dans notre technologie encore plus attractif.<\/p>\n","protected":false},"excerpt":{"rendered":"<p>Witschi Electronic peut vous aider \u00e0 faire face aux fluctuations de production gr\u00e2ce \u00e0 la location d&rsquo;\u00e9quipements de test. Cela vous permet de maintenir votre parc machines \u00e0 un niveau optimal. Nous vous soutenons \u00e9galement avec des appareils en location en cas de probl\u00e8mes de mesure ou d&rsquo;arr\u00eats de production dus \u00e0 la maintenance, la [&hellip;]<\/p>\n","protected":false},"author":1,"featured_media":0,"parent":1860,"menu_order":0,"comment_status":"closed","ping_status":"closed","template":"templates\/dynamic-template.php","meta":{"inline_featured_image":false},"acf":[],"_links":{"self":[{"href":"https:\/\/www.witschi.com\/fr\/wp-json\/wp\/v2\/pages\/1809"}],"collection":[{"href":"https:\/\/www.witschi.com\/fr\/wp-json\/wp\/v2\/pages"}],"about":[{"href":"https:\/\/www.witschi.com\/fr\/wp-json\/wp\/v2\/types\/page"}],"author":[{"embeddable":true,"href":"https:\/\/www.witschi.com\/fr\/wp-json\/wp\/v2\/users\/1"}],"replies":[{"embeddable":true,"href":"https:\/\/www.witschi.com\/fr\/wp-json\/wp\/v2\/comments?post=1809"}],"version-history":[{"count":8,"href":"https:\/\/www.witschi.com\/fr\/wp-json\/wp\/v2\/pages\/1809\/revisions"}],"predecessor-version":[{"id":23214,"href":"https:\/\/www.witschi.com\/fr\/wp-json\/wp\/v2\/pages\/1809\/revisions\/23214"}],"up":[{"embeddable":true,"href":"https:\/\/www.witschi.com\/fr\/wp-json\/wp\/v2\/pages\/1860"}],"wp:attachment":[{"href":"https:\/\/www.witschi.com\/fr\/wp-json\/wp\/v2\/media?parent=1809"}],"curies":[{"name":"wp","href":"https:\/\/api.w.org\/{rel}","templated":true}]}}