{"id":1775,"date":"2020-12-11T11:17:26","date_gmt":"2020-12-11T11:17:26","guid":{"rendered":"https:\/\/www.witschi.com\/career\/"},"modified":"2025-08-28T11:42:24","modified_gmt":"2025-08-28T09:42:24","slug":"carriere","status":"publish","type":"page","link":"https:\/\/www.witschi.com\/fr\/carriere\/","title":{"rendered":"Carri\u00e8re"},"content":{"rendered":"<p>Chez Witschi Electronic, la tradition s&rsquo;allie \u00e0 l&rsquo;innovation. Nous vous invitons \u00e0 faire partie de notre \u00e9quipe et \u00e0 nous apporter vos connaissances. Vous pouvez ainsi apporter une contribution pr\u00e9cieuse au processus de cr\u00e9ation de nos appareils de mesure pr\u00e9cis et de haute qualit\u00e9. Chez Witschi, la promotion de nos collaborateurs est \u00e9galement une tradition qui s&rsquo;\u00e9crit en GRAND.<\/p>\n","protected":false},"excerpt":{"rendered":"<p>Chez Witschi Electronic, la tradition s&rsquo;allie \u00e0 l&rsquo;innovation. Nous vous invitons \u00e0 faire partie de notre \u00e9quipe et \u00e0 nous apporter vos connaissances. Vous pouvez ainsi apporter une contribution pr\u00e9cieuse au processus de cr\u00e9ation de nos appareils de mesure pr\u00e9cis et de haute qualit\u00e9. Chez Witschi, la promotion de nos collaborateurs est \u00e9galement une tradition [&hellip;]<\/p>\n","protected":false},"author":1,"featured_media":6902,"parent":0,"menu_order":0,"comment_status":"closed","ping_status":"closed","template":"templates\/dynamic-template.php","meta":{"inline_featured_image":false},"acf":[],"_links":{"self":[{"href":"https:\/\/www.witschi.com\/fr\/wp-json\/wp\/v2\/pages\/1775"}],"collection":[{"href":"https:\/\/www.witschi.com\/fr\/wp-json\/wp\/v2\/pages"}],"about":[{"href":"https:\/\/www.witschi.com\/fr\/wp-json\/wp\/v2\/types\/page"}],"author":[{"embeddable":true,"href":"https:\/\/www.witschi.com\/fr\/wp-json\/wp\/v2\/users\/1"}],"replies":[{"embeddable":true,"href":"https:\/\/www.witschi.com\/fr\/wp-json\/wp\/v2\/comments?post=1775"}],"version-history":[{"count":14,"href":"https:\/\/www.witschi.com\/fr\/wp-json\/wp\/v2\/pages\/1775\/revisions"}],"predecessor-version":[{"id":25206,"href":"https:\/\/www.witschi.com\/fr\/wp-json\/wp\/v2\/pages\/1775\/revisions\/25206"}],"wp:featuredmedia":[{"embeddable":true,"href":"https:\/\/www.witschi.com\/fr\/wp-json\/wp\/v2\/media\/6902"}],"wp:attachment":[{"href":"https:\/\/www.witschi.com\/fr\/wp-json\/wp\/v2\/media?parent=1775"}],"curies":[{"name":"wp","href":"https:\/\/api.w.org\/{rel}","templated":true}]}}