{"id":1769,"date":"2023-04-05T08:00:55","date_gmt":"2023-04-05T06:00:55","guid":{"rendered":"https:\/\/www.witschi.com\/kalibrierung\/"},"modified":"2023-10-23T14:38:30","modified_gmt":"2023-10-23T12:38:30","slug":"kalibrierung","status":"publish","type":"page","link":"https:\/\/www.witschi.com\/fr\/service\/kalibrierung\/","title":{"rendered":"\u00c9talonnage"},"content":{"rendered":"<div id=\"wideHeader\">\n<div id=\"header\">\n<div id=\"lead\">\n<div id=\"wideHeader\">\n<div id=\"header\">\n<div id=\"lead\">\n<p class=\"hidden-xs\">Gr\u00e2ce \u00e0 un \u00e9talonnage r\u00e9gulier vous vous prot\u00e9gez contre une perte de production &#8211; le service d&rsquo;\u00e9talonnage Witschi est votre interlocuteur comp\u00e9tent.<\/p>\n<\/div>\n<\/div>\n<\/div>\n<\/div>\n<\/div>\n<\/div>\n","protected":false},"excerpt":{"rendered":"<p>Gr\u00e2ce \u00e0 un \u00e9talonnage r\u00e9gulier vous vous prot\u00e9gez contre une perte de production &#8211; le service d&rsquo;\u00e9talonnage Witschi est votre interlocuteur comp\u00e9tent.<\/p>\n","protected":false},"author":1,"featured_media":0,"parent":1860,"menu_order":0,"comment_status":"closed","ping_status":"closed","template":"templates\/dynamic-template.php","meta":{"inline_featured_image":false},"acf":[],"_links":{"self":[{"href":"https:\/\/www.witschi.com\/fr\/wp-json\/wp\/v2\/pages\/1769"}],"collection":[{"href":"https:\/\/www.witschi.com\/fr\/wp-json\/wp\/v2\/pages"}],"about":[{"href":"https:\/\/www.witschi.com\/fr\/wp-json\/wp\/v2\/types\/page"}],"author":[{"embeddable":true,"href":"https:\/\/www.witschi.com\/fr\/wp-json\/wp\/v2\/users\/1"}],"replies":[{"embeddable":true,"href":"https:\/\/www.witschi.com\/fr\/wp-json\/wp\/v2\/comments?post=1769"}],"version-history":[{"count":8,"href":"https:\/\/www.witschi.com\/fr\/wp-json\/wp\/v2\/pages\/1769\/revisions"}],"predecessor-version":[{"id":18918,"href":"https:\/\/www.witschi.com\/fr\/wp-json\/wp\/v2\/pages\/1769\/revisions\/18918"}],"up":[{"embeddable":true,"href":"https:\/\/www.witschi.com\/fr\/wp-json\/wp\/v2\/pages\/1860"}],"wp:attachment":[{"href":"https:\/\/www.witschi.com\/fr\/wp-json\/wp\/v2\/media?parent=1769"}],"curies":[{"name":"wp","href":"https:\/\/api.w.org\/{rel}","templated":true}]}}