{"id":1760,"date":"2020-06-18T10:18:46","date_gmt":"2020-06-18T10:18:46","guid":{"rendered":"https:\/\/www.witschi.com\/jobs\/"},"modified":"2026-03-18T15:44:57","modified_gmt":"2026-03-18T13:44:57","slug":"emplois","status":"publish","type":"page","link":"https:\/\/www.witschi.com\/fr\/carriere\/emplois\/","title":{"rendered":"Emplois"},"content":{"rendered":"<p>En tant que leader mondial des technologies de test et de mesure pour les montres et autres produits microtechniques, nous nous concentrons sur la plus haute qualit\u00e9, un travail de d\u00e9veloppement orient\u00e9 vers l&rsquo;avenir, des services fiables et un contact \u00e9troit avec nos clients. Ceci n&rsquo;est possible que gr\u00e2ce \u00e0 une \u00e9quipe de sp\u00e9cialistes motiv\u00e9s.<\/p>\n","protected":false},"excerpt":{"rendered":"<p>En tant que leader mondial des technologies de test et de mesure pour les montres et autres produits microtechniques, nous nous concentrons sur la plus haute qualit\u00e9, un travail de d\u00e9veloppement orient\u00e9 vers l&rsquo;avenir, des services fiables et un contact \u00e9troit avec nos clients. Ceci n&rsquo;est possible que gr\u00e2ce \u00e0 une \u00e9quipe de sp\u00e9cialistes motiv\u00e9s.<\/p>\n","protected":false},"author":1,"featured_media":0,"parent":1775,"menu_order":0,"comment_status":"closed","ping_status":"closed","template":"templates\/dynamic-template.php","meta":{"inline_featured_image":false},"acf":[],"_links":{"self":[{"href":"https:\/\/www.witschi.com\/fr\/wp-json\/wp\/v2\/pages\/1760"}],"collection":[{"href":"https:\/\/www.witschi.com\/fr\/wp-json\/wp\/v2\/pages"}],"about":[{"href":"https:\/\/www.witschi.com\/fr\/wp-json\/wp\/v2\/types\/page"}],"author":[{"embeddable":true,"href":"https:\/\/www.witschi.com\/fr\/wp-json\/wp\/v2\/users\/1"}],"replies":[{"embeddable":true,"href":"https:\/\/www.witschi.com\/fr\/wp-json\/wp\/v2\/comments?post=1760"}],"version-history":[{"count":88,"href":"https:\/\/www.witschi.com\/fr\/wp-json\/wp\/v2\/pages\/1760\/revisions"}],"predecessor-version":[{"id":26447,"href":"https:\/\/www.witschi.com\/fr\/wp-json\/wp\/v2\/pages\/1760\/revisions\/26447"}],"up":[{"embeddable":true,"href":"https:\/\/www.witschi.com\/fr\/wp-json\/wp\/v2\/pages\/1775"}],"wp:attachment":[{"href":"https:\/\/www.witschi.com\/fr\/wp-json\/wp\/v2\/media?parent=1760"}],"curies":[{"name":"wp","href":"https:\/\/api.w.org\/{rel}","templated":true}]}}