{"id":1442,"date":"2020-12-11T10:46:28","date_gmt":"2020-12-11T10:46:28","guid":{"rendered":"https:\/\/www.witschi.com\/?page_id=1442"},"modified":"2025-10-21T09:53:52","modified_gmt":"2025-10-21T07:53:52","slug":"geschichte","status":"publish","type":"page","link":"https:\/\/www.witschi.com\/fr\/ueber-witschi\/geschichte\/","title":{"rendered":"Histoire"},"content":{"rendered":"<p style=\"line-height: 16.3pt; margin: 0cm 0cm 7.5pt 0cm;\"><span style=\"font-size: 11.0pt; font-family: Muli;\">Depuis plus de 70 ans, Witschi Electronic est le partenaire comp\u00e9tent en mati\u00e8re de technologie de mesure et de test pour l&rsquo;industrie horlog\u00e8re. Fond\u00e9e en 1947 par Paul Witschi en tant qu&rsquo;entreprise familiale, la soci\u00e9t\u00e9 compte aujourd&rsquo;hui environ 80 employ\u00e9s. Outre le si\u00e8ge suisse de B\u00fcren an der Aare, nous sommes repr\u00e9sent\u00e9s \u00e0 l&rsquo;\u00e9tranger par une succursale bas\u00e9e \u00e0 Hong Kong.\u00a0<\/span><\/p>\n","protected":false},"excerpt":{"rendered":"<p>Depuis plus de 70 ans, Witschi Electronic est le partenaire comp\u00e9tent en mati\u00e8re de technologie de mesure et de test pour l&rsquo;industrie horlog\u00e8re. Fond\u00e9e en 1947 par Paul Witschi en tant qu&rsquo;entreprise familiale, la soci\u00e9t\u00e9 compte aujourd&rsquo;hui environ 80 employ\u00e9s. Outre le si\u00e8ge suisse de B\u00fcren an der Aare, nous sommes repr\u00e9sent\u00e9s \u00e0 l&rsquo;\u00e9tranger par [&hellip;]<\/p>\n","protected":false},"author":1,"featured_media":0,"parent":1881,"menu_order":0,"comment_status":"closed","ping_status":"closed","template":"templates\/dynamic-template.php","meta":{"inline_featured_image":false},"acf":[],"_links":{"self":[{"href":"https:\/\/www.witschi.com\/fr\/wp-json\/wp\/v2\/pages\/1442"}],"collection":[{"href":"https:\/\/www.witschi.com\/fr\/wp-json\/wp\/v2\/pages"}],"about":[{"href":"https:\/\/www.witschi.com\/fr\/wp-json\/wp\/v2\/types\/page"}],"author":[{"embeddable":true,"href":"https:\/\/www.witschi.com\/fr\/wp-json\/wp\/v2\/users\/1"}],"replies":[{"embeddable":true,"href":"https:\/\/www.witschi.com\/fr\/wp-json\/wp\/v2\/comments?post=1442"}],"version-history":[{"count":4,"href":"https:\/\/www.witschi.com\/fr\/wp-json\/wp\/v2\/pages\/1442\/revisions"}],"predecessor-version":[{"id":25565,"href":"https:\/\/www.witschi.com\/fr\/wp-json\/wp\/v2\/pages\/1442\/revisions\/25565"}],"up":[{"embeddable":true,"href":"https:\/\/www.witschi.com\/fr\/wp-json\/wp\/v2\/pages\/1881"}],"wp:attachment":[{"href":"https:\/\/www.witschi.com\/fr\/wp-json\/wp\/v2\/media?parent=1442"}],"curies":[{"name":"wp","href":"https:\/\/api.w.org\/{rel}","templated":true}]}}