{"id":13589,"date":"2022-02-08T02:59:14","date_gmt":"2022-02-08T00:59:14","guid":{"rendered":"https:\/\/www.witschi.com\/vielen-dank-fuer-ihr-interesse\/"},"modified":"2022-02-08T03:00:19","modified_gmt":"2022-02-08T01:00:19","slug":"nous-vous-remercions-de-votre-interet","status":"publish","type":"page","link":"https:\/\/www.witschi.com\/fr\/nous-vous-remercions-de-votre-interet\/","title":{"rendered":"Nous vous remercions de votre int\u00e9r\u00eat"},"content":{"rendered":"<p>Vous avez re\u00e7u un courriel \u00e0 l&rsquo;adresse {user_email}. Pour terminer votre inscription, veuillez cliquer sur le lien de confirmation.<br \/>\nSi le courriel n&rsquo;appara\u00eet pas dans votre bo\u00eete de r\u00e9ception, veuillez v\u00e9rifier votre dossier \u00ab courrier ind\u00e9sirable \u00bb.<\/p>\n<p>Meilleures salutations<br \/>\nVotre \u00e9quipe Witschi<\/p>\n","protected":false},"excerpt":{"rendered":"<p>Vous avez re\u00e7u un courriel \u00e0 l&rsquo;adresse {user_email}. Pour terminer votre inscription, veuillez cliquer sur le lien de confirmation. Si le courriel n&rsquo;appara\u00eet pas dans votre bo\u00eete de r\u00e9ception, veuillez v\u00e9rifier votre dossier \u00ab courrier ind\u00e9sirable \u00bb. Meilleures salutations Votre \u00e9quipe Witschi<\/p>\n","protected":false},"author":1,"featured_media":0,"parent":0,"menu_order":0,"comment_status":"closed","ping_status":"closed","template":"templates\/after-register-template.php","meta":{"inline_featured_image":false},"acf":[],"_links":{"self":[{"href":"https:\/\/www.witschi.com\/fr\/wp-json\/wp\/v2\/pages\/13589"}],"collection":[{"href":"https:\/\/www.witschi.com\/fr\/wp-json\/wp\/v2\/pages"}],"about":[{"href":"https:\/\/www.witschi.com\/fr\/wp-json\/wp\/v2\/types\/page"}],"author":[{"embeddable":true,"href":"https:\/\/www.witschi.com\/fr\/wp-json\/wp\/v2\/users\/1"}],"replies":[{"embeddable":true,"href":"https:\/\/www.witschi.com\/fr\/wp-json\/wp\/v2\/comments?post=13589"}],"version-history":[{"count":1,"href":"https:\/\/www.witschi.com\/fr\/wp-json\/wp\/v2\/pages\/13589\/revisions"}],"predecessor-version":[{"id":13590,"href":"https:\/\/www.witschi.com\/fr\/wp-json\/wp\/v2\/pages\/13589\/revisions\/13590"}],"wp:attachment":[{"href":"https:\/\/www.witschi.com\/fr\/wp-json\/wp\/v2\/media?parent=13589"}],"curies":[{"name":"wp","href":"https:\/\/api.w.org\/{rel}","templated":true}]}}